{"id":6616,"date":"2022-07-11T12:52:27","date_gmt":"2022-07-11T10:52:27","guid":{"rendered":"http:\/\/www.ff-unterwolfsbach.at\/wp\/?page_id=6616"},"modified":"2022-07-11T13:02:27","modified_gmt":"2022-07-11T11:02:27","slug":"florianiplakettentraeger","status":"publish","type":"page","link":"https:\/\/www.ff-unterwolfsbach.at\/wp\/ehrenwand\/florianiplakettentraeger\/","title":{"rendered":"Florianiplakettentr\u00e4ger"},"content":{"rendered":"\n<blockquote class=\"wp-block-quote is-style-large is-layout-flow wp-block-quote-is-layout-flow\"><p>\u00a71 <br> Die Florianiplakette kann an Personen verliehen werden, die sich um das Feuerwehrwesen besonders verdient gemacht haben und keine Uniformtr\u00e4ger sind bzw. wenn sie die besonderen Verdienste in einer Funktion erworben haben, in welcher sie keine Uniform tragen. Sie kann auch an Firmen und Organisationen verleihen werden.<\/p><cite>N\u00d6 Feuerwehrordnung<\/cite><\/blockquote>\n\n\n\n<div style=\"height:12px\" aria-hidden=\"true\" class=\"wp-block-spacer\"><\/div>\n\n\n\n<p>Die Florianiplakette ist neben der Ehrenmitgliedschaft eine der beiden M\u00f6glichkeiten, Zivilpersonen zu ehren, die sich um die Feuerwehr verdient gemacht haben. <\/p>\n\n\n\n<p><strong>Beschreibung<\/strong><br>Die Florianiplakette ist aus Glas 15 mm stark, 270 mm hoch, 140 mm breit, mit Sockel. In die  Florianiplakette erfolgt folgende Laserinnengravur in 2D. Links oben befindet sich das Logo des N\u00d6 Landesfeuerwehrverbandes. Mittig ist ein Flammensymbol mit einer Abbildung des Heiligen Florians gelasert. Dieser h\u00e4lt in der rechten Hand eine Fahne und l\u00f6scht mit der linken Hand ein brennendes<br>Geb\u00e4ude. Rechts vom Flammensymbol verl\u00e4uft von oben nach unten der Schriftzug \u201eFLORIANIPLAKETTE\u201c. Unter der Darstellung des Florians befindet sich die 5zeilige Inschrift \u201edes Nieder\u00f6sterreichischen \/ Landesfeuerwehrverbandes \/ f\u00fcr besondere Verdienste \/ um das Feuerwehrwesen \/ verliehen an\u201c. <\/p>\n\n\n\n<p>Auf dem Schr\u00e4gteil des Sockels wird eine Plakette in der Gr\u00f6\u00dfe von 30 x 120 mm angebracht, auf der der Titel, Vor- und Zuname sowie der Wohnort des zu Ehrenden bzw. sonstige Bezeichnung der zu ehrenden Firma oder Organisation, der Ort der Ausstellung sowie Monat und Jahr der Verleihung eingraviert wird.<\/p>\n\n\n\n<figure class=\"wp-block-image size-large\"><img loading=\"lazy\" decoding=\"async\" width=\"1024\" height=\"683\" src=\"http:\/\/www.ff-unterwolfsbach.at\/wp\/wp-content\/uploads\/2021\/06\/2021-06-26_MV_14-1024x683.jpg\" alt=\"\" class=\"wp-image-6134\" srcset=\"https:\/\/www.ff-unterwolfsbach.at\/wp\/wp-content\/uploads\/2021\/06\/2021-06-26_MV_14-1024x683.jpg 1024w, https:\/\/www.ff-unterwolfsbach.at\/wp\/wp-content\/uploads\/2021\/06\/2021-06-26_MV_14-300x200.jpg 300w, https:\/\/www.ff-unterwolfsbach.at\/wp\/wp-content\/uploads\/2021\/06\/2021-06-26_MV_14-768x512.jpg 768w, https:\/\/www.ff-unterwolfsbach.at\/wp\/wp-content\/uploads\/2021\/06\/2021-06-26_MV_14-1536x1024.jpg 1536w, https:\/\/www.ff-unterwolfsbach.at\/wp\/wp-content\/uploads\/2021\/06\/2021-06-26_MV_14-405x270.jpg 405w, https:\/\/www.ff-unterwolfsbach.at\/wp\/wp-content\/uploads\/2021\/06\/2021-06-26_MV_14-600x400.jpg 600w, https:\/\/www.ff-unterwolfsbach.at\/wp\/wp-content\/uploads\/2021\/06\/2021-06-26_MV_14-272x182.jpg 272w, https:\/\/www.ff-unterwolfsbach.at\/wp\/wp-content\/uploads\/2021\/06\/2021-06-26_MV_14.jpg 1980w\" sizes=\"auto, (max-width: 1024px) 100vw, 1024px\" \/><\/figure>\n\n\n\n<p>Die Plakette wird in einer innen mit roter Futterseite ausgelegten Kassette geliefert. Auf der Kassette ist rechts unten der Schriftzug \u201eNieder\u00f6sterreichischer Landesfeuerwehrverband\u201c und das Logo des N\u00d6 Landesfeuerwehrverbandes in Golddruck angebracht.<\/p>\n\n\n\n<p><strong>Florianiplakettentr\u00e4ger<\/strong><\/p>\n\n\n\n\n<table id=\"tablepress-17\" class=\"tablepress tablepress-id-17\">\n<thead>\n<tr class=\"row-1\">\n\t<th class=\"column-1\"><strong>Name<\/strong><\/th><th class=\"column-2\"><strong>Datum<\/strong><\/th>\n<\/tr>\n<\/thead>\n<tbody class=\"row-striping row-hover\">\n<tr class=\"row-2\">\n\t<td class=\"column-1\">Martin B\u00f6swarth<\/td><td class=\"column-2\">25. April 2010<\/td>\n<\/tr>\n<tr class=\"row-3\">\n\t<td class=\"column-1\">Werner Feyertag<\/td><td class=\"column-2\">25. April 2010<\/td>\n<\/tr>\n<tr class=\"row-4\">\n\t<td class=\"column-1\">Martin Rath<\/td><td class=\"column-2\">25. April 2010<\/td>\n<\/tr>\n<tr class=\"row-5\">\n\t<td class=\"column-1\">Ren\u00e9 Kotoun<\/td><td class=\"column-2\">27. Juni 2021<\/td>\n<\/tr>\n<tr class=\"row-6\">\n\t<td class=\"column-1\">J\u00fcrgen Riederer<\/td><td class=\"column-2\">27. Juni 2021<\/td>\n<\/tr>\n<tr class=\"row-7\">\n\t<td class=\"column-1\">Andreas Weber<\/td><td class=\"column-2\">27. Juni 2021<\/td>\n<\/tr>\n<\/tbody>\n<\/table>\n<!-- #tablepress-17 from cache -->\n","protected":false},"excerpt":{"rendered":"<p>\u00a71 Die Florianiplakette kann an Personen verliehen werden, die sich um das Feuerwehrwesen besonders verdient gemacht haben und keine Uniformtr\u00e4ger sind bzw. wenn sie die besonderen Verdienste in einer Funktion [&hellip;]<\/p>\n","protected":false},"author":1,"featured_media":0,"parent":5211,"menu_order":0,"comment_status":"closed","ping_status":"closed","template":"","meta":{"footnotes":""},"class_list":["post-6616","page","type-page","status-publish","hentry"],"_links":{"self":[{"href":"https:\/\/www.ff-unterwolfsbach.at\/wp\/wp-json\/wp\/v2\/pages\/6616","targetHints":{"allow":["GET"]}}],"collection":[{"href":"https:\/\/www.ff-unterwolfsbach.at\/wp\/wp-json\/wp\/v2\/pages"}],"about":[{"href":"https:\/\/www.ff-unterwolfsbach.at\/wp\/wp-json\/wp\/v2\/types\/page"}],"author":[{"embeddable":true,"href":"https:\/\/www.ff-unterwolfsbach.at\/wp\/wp-json\/wp\/v2\/users\/1"}],"replies":[{"embeddable":true,"href":"https:\/\/www.ff-unterwolfsbach.at\/wp\/wp-json\/wp\/v2\/comments?post=6616"}],"version-history":[{"count":3,"href":"https:\/\/www.ff-unterwolfsbach.at\/wp\/wp-json\/wp\/v2\/pages\/6616\/revisions"}],"predecessor-version":[{"id":6622,"href":"https:\/\/www.ff-unterwolfsbach.at\/wp\/wp-json\/wp\/v2\/pages\/6616\/revisions\/6622"}],"up":[{"embeddable":true,"href":"https:\/\/www.ff-unterwolfsbach.at\/wp\/wp-json\/wp\/v2\/pages\/5211"}],"wp:attachment":[{"href":"https:\/\/www.ff-unterwolfsbach.at\/wp\/wp-json\/wp\/v2\/media?parent=6616"}],"curies":[{"name":"wp","href":"https:\/\/api.w.org\/{rel}","templated":true}]}}